{"id":20424,"date":"2022-07-01T09:53:39","date_gmt":"2022-07-01T09:53:39","guid":{"rendered":"https:\/\/v2.jvkpro.lv\/%d0%ba%d0%be%d0%bd%d1%82%d0%b0%d0%ba%d1%82%d1%8b\/"},"modified":"2025-12-02T15:20:59","modified_gmt":"2025-12-02T15:20:59","slug":"kontakty","status":"publish","type":"page","link":"https:\/\/v2.jvkpro.lv\/ru\/kontakty\/","title":{"rendered":"\u041a\u043e\u043d\u0442\u0430\u043a\u0442\u044b"},"content":{"rendered":"\t\t<div data-elementor-type=\"wp-page\" data-elementor-id=\"20424\" class=\"elementor elementor-20424 elementor-82\">\n\t\t\t\t        <section class=\"elementor-section elementor-top-section elementor-element elementor-element-79a2a9a elementor-section-stretched elementor-section-boxed elementor-section-height-default elementor-section-height-default ct-header-fixed-none ct-column-none ct-row-scroll-none ct-section-smoke-none ct-section-particle-none\" data-id=\"79a2a9a\" data-element_type=\"section\" data-settings=\"{&quot;stretch_section&quot;:&quot;section-stretched&quot;}\">\n            \n                        <div class=\"elementor-container elementor-column-gap-custom \">\n                    <div class=\"elementor-column elementor-col-33 elementor-top-column elementor-element elementor-element-dc0df8f ct-column-none\" data-id=\"dc0df8f\" data-element_type=\"column\">\n        <div class=\"elementor-widget-wrap elementor-element-populated\">\n                    \n        \t\t<div class=\"elementor-element elementor-element-9d9ee07 elementor-widget elementor-widget-ct_contact_info\" data-id=\"9d9ee07\" data-element_type=\"widget\" data-widget_type=\"ct_contact_info.default\">\n\t\t\t\t<div class=\"elementor-widget-container\">\n\t\t\t\t\t    <div id=\"ct_contact_info-9d9ee07\" class=\"ct-contact-info ct-contact-info2 style1 \" data-wow-duration=\"1.2s\">\r\n        <div class=\"ct-contact-content\">\r\n                            <label class=\"ct-contact-title\">\u0410\u0434\u0440\u0435\u0441<\/label>\r\n            \r\n                            <div class=\"ct-contact-list\">\r\n                                            <a href=\"https:\/\/www.google.com\/maps\/place\/\/data=!4m2!3m1!1s0x46eecf6d2b2242ef:0x84d25f5c3505298c?sa=X&amp;ved=1t:8290&amp;ictx=111\" target=\"_blank\">                            <span>\u0423\u043b\u0438\u0446\u0430 \u041f\u0438\u0435\u0434\u0440\u0443\u044f\u0441 28, \u041b\u0430\u0442\u0433\u0430\u043b\u044c\u0441\u043a\u0438\u0439 \u043f\u0440\u0438\u0433\u043e\u0440\u043e\u0434, \u0420\u0438\u0433\u0430, LV-1063<\/span>\r\n                        <\/a>                                    <\/div>\r\n            \r\n                    <\/div>\r\n    <\/div>\r\n\t\t\t\t<\/div>\n\t\t\t\t<\/div>\n\t\t            <\/div>\n        <\/div>\n                <div class=\"elementor-column elementor-col-33 elementor-top-column elementor-element elementor-element-aa498bc ct-column-none\" data-id=\"aa498bc\" data-element_type=\"column\">\n        <div class=\"elementor-widget-wrap elementor-element-populated\">\n                    \n        \t\t<div class=\"elementor-element elementor-element-d1fb24f elementor-widget elementor-widget-ct_fancy_box\" data-id=\"d1fb24f\" data-element_type=\"widget\" data-widget_type=\"ct_fancy_box.default\">\n\t\t\t\t<div class=\"elementor-widget-container\">\n\t\t\t\t\t<div class=\"ct-fancy-box ct-fancy-box-layout2 \"  data-wow-delay=\"ms\">\r\n    <div class=\"item--inner\">\r\n        <div class=\"item--meta\">\r\n                            <h4 class=\"item--title\">\r\n                    \u0420\u0430\u0431\u043e\u0447\u0435\u0435 \u0432\u0440\u0435\u043c\u044f                <\/h4>\r\n                                                            <div class=\"item--list\">\r\n                        <span>\u041f\u043d. - \u041f\u0442.<\/span>\r\n                        <span>9:00 - 17:00<\/span>\r\n                    <\/div>\r\n                                                                <div class=\"item--list\">\r\n                        <span>\u0412\u044b\u0445\u043e\u0434\u043d\u044b\u0435<\/span>\r\n                        <span>\u0417\u0430\u043a\u0440\u044b\u0442\u043e<\/span>\r\n                    <\/div>\r\n                                    <\/div>\r\n    <\/div>\r\n<\/div>\t\t\t\t<\/div>\n\t\t\t\t<\/div>\n\t\t            <\/div>\n        <\/div>\n                <div class=\"elementor-column elementor-col-33 elementor-top-column elementor-element elementor-element-0ca957c ct-column-none\" data-id=\"0ca957c\" data-element_type=\"column\">\n        <div class=\"elementor-widget-wrap elementor-element-populated\">\n                    \n        \t\t<div class=\"elementor-element elementor-element-ba6ea3f elementor-widget elementor-widget-ct_contact_info\" data-id=\"ba6ea3f\" data-element_type=\"widget\" data-widget_type=\"ct_contact_info.default\">\n\t\t\t\t<div class=\"elementor-widget-container\">\n\t\t\t\t\t    <div id=\"ct_contact_info-ba6ea3f\" class=\"ct-contact-info ct-contact-info2 style1 \" data-wow-duration=\"1.2s\">\r\n        <div class=\"ct-contact-content\">\r\n                            <label class=\"ct-contact-title\">\u041a\u043e\u043d\u0442\u0430\u043a\u0442\u044b<\/label>\r\n            \r\n                            <div class=\"ct-contact-list\">\r\n                                            <a href=\"tel:+37122303311\">                            <span>+371 22303311<\/span>\r\n                        <\/a>                                    <\/div>\r\n            \r\n                            <div class=\"ct-contact-list\">\r\n                                            <a href=\"mailto:info@jvkpro.com\">                        <span>info@jvkpro.com<\/span>\r\n                        <\/a>                                    <\/div>\r\n                    <\/div>\r\n    <\/div>\r\n\t\t\t\t<\/div>\n\t\t\t\t<\/div>\n\t\t            <\/div>\n        <\/div>\n                    <\/div>\n        <\/section>\n                <section class=\"elementor-section elementor-top-section elementor-element elementor-element-2d840b4 elementor-section-boxed elementor-section-height-default elementor-section-height-default ct-header-fixed-none ct-column-none ct-row-scroll-none ct-section-smoke-none ct-section-particle-none\" data-id=\"2d840b4\" data-element_type=\"section\">\n            \n                        <div class=\"elementor-container elementor-column-gap-default \">\n                    <div class=\"elementor-column elementor-col-100 elementor-top-column elementor-element elementor-element-64e830c ct-column-none\" data-id=\"64e830c\" data-element_type=\"column\">\n        <div class=\"elementor-widget-wrap elementor-element-populated\">\n                    \n        \t\t<div class=\"elementor-element elementor-element-68a3ffc ct-widget-google_maps elementor-widget elementor-widget-google_maps\" data-id=\"68a3ffc\" data-element_type=\"widget\" data-widget_type=\"google_maps.default\">\n\t\t\t\t<div class=\"elementor-widget-container\">\n\t\t\t\t\t\t\t<div class=\"elementor-custom-embed\">\n\t\t\t<iframe loading=\"lazy\"\n\t\t\t\t\tsrc=\"https:\/\/maps.google.com\/maps?q=Piedrujas%20iela%2028%2C%20Latgales%20priek%C5%A1pils%C4%93ta%2C%20R%C4%ABga%2C%20LV-1063&#038;t=m&#038;z=13&#038;output=embed&#038;iwloc=near\"\n\t\t\t\t\ttitle=\"Piedrujas iela 28, Latgales priek\u0161pils\u0113ta, R\u012bga, LV-1063\"\n\t\t\t\t\taria-label=\"Piedrujas iela 28, Latgales priek\u0161pils\u0113ta, R\u012bga, LV-1063\"\n\t\t\t><\/iframe>\n\t\t<\/div>\n\t\t\t\t\t\t<\/div>\n\t\t\t\t<\/div>\n\t\t            <\/div>\n        <\/div>\n                    <\/div>\n        <\/section>\n                <section class=\"elementor-section elementor-top-section elementor-element elementor-element-b212877 elementor-section-boxed elementor-section-height-default elementor-section-height-default ct-header-fixed-none ct-column-none ct-row-scroll-none ct-section-smoke-none ct-section-particle-none\" data-id=\"b212877\" data-element_type=\"section\">\n            \n                        <div class=\"elementor-container elementor-column-gap-default \">\n                    <div class=\"elementor-column elementor-col-100 elementor-top-column elementor-element elementor-element-8daa30b ct-column-none\" data-id=\"8daa30b\" data-element_type=\"column\">\n        <div class=\"elementor-widget-wrap elementor-element-populated\">\n                    \n        \t\t<div class=\"elementor-element elementor-element-f807898 elementor-widget elementor-widget-ct_contact_form\" data-id=\"f807898\" data-element_type=\"widget\" data-widget_type=\"ct_contact_form.default\">\n\t\t\t\t<div class=\"elementor-widget-container\">\n\t\t\t\t\t    <div class=\"ct-contact-form ct-contact-form-layout1 wow skewInUp\">\r\n    \t\t    \t<div class=\"ct-contact-titles\">\r\n                                                    <h2 class=\"text-title case-animate-time \" data-wow-delay=\"ms\">\r\n                    <span class=\"slide-in-container\"><span class=\"d-inline-block wow case-fade-in-up\">\u0417\u0430\u043f\u043e\u043b\u043d\u0438\u0442\u0435<\/span><\/span> <span class=\"slide-in-container\"><span class=\"d-inline-block wow case-fade-in-up\">\u0444\u043e\u0440\u043c\u0443<\/span><\/span> <span class=\"slide-in-container\"><span class=\"d-inline-block wow case-fade-in-up\">\u0438<\/span><\/span> <span class=\"slide-in-container\"><span class=\"d-inline-block wow case-fade-in-up\">\u043c\u044b<\/span><\/span> <span class=\"slide-in-container\"><span class=\"d-inline-block wow case-fade-in-up\">\u0441\u0432\u044f\u0436\u0435\u043c\u0441\u044f<\/span><\/span> <span class=\"slide-in-container\"><span class=\"d-inline-block wow case-fade-in-up\">\u0441<\/span><\/span> <span class=\"slide-in-container\"><span class=\"d-inline-block wow case-fade-in-up\">\u0432\u0430\u043c\u0438.<\/span><\/span>                    <\/h2>\r\n                                                    <p class=\"text-description\">\u041f\u0440\u0435\u0434\u0441\u0442\u0430\u0432\u0438\u0442\u0435\u043b\u044c \u043a\u043e\u043c\u043f\u0430\u043d\u0438\u0438 \u043f\u043e\u0437\u0432\u043e\u043d\u0438\u0442 \u0432\u0430\u043c \u0438 \u043f\u0440\u0435\u0434\u043e\u0441\u0442\u0430\u0432\u0438\u0442 \u0432\u0441\u044e \u043d\u0435\u043e\u0431\u0445\u043e\u0434\u0438\u043c\u0443\u044e \u0438\u043d\u0444\u043e\u0440\u043c\u0430\u0446\u0438\u044e.<\/p>\r\n                \t    \t<\/div>\r\n\t            <div class=\"ct-contact-form\">\r\n            \n<div class=\"wpcf7 no-js\" id=\"wpcf7-f20472-o1\" lang=\"ru-RU\" dir=\"ltr\" data-wpcf7-id=\"20472\">\n<div class=\"screen-reader-response\"><p role=\"status\" aria-live=\"polite\" aria-atomic=\"true\"><\/p> <ul><\/ul><\/div>\n<form action=\"\/ru\/wp-json\/wp\/v2\/pages\/20424#wpcf7-f20472-o1\" method=\"post\" class=\"wpcf7-form init\" aria-label=\"\u041a\u043e\u043d\u0442\u0430\u043a\u0442\u043d\u0430\u044f \u0444\u043e\u0440\u043c\u0430\" novalidate=\"novalidate\" data-status=\"init\">\n<div style=\"display: none;\">\n<input type=\"hidden\" name=\"_wpcf7\" value=\"20472\" \/>\n<input type=\"hidden\" name=\"_wpcf7_version\" value=\"6.0.6\" \/>\n<input type=\"hidden\" name=\"_wpcf7_locale\" value=\"ru_RU\" \/>\n<input type=\"hidden\" name=\"_wpcf7_unit_tag\" value=\"wpcf7-f20472-o1\" \/>\n<input type=\"hidden\" name=\"_wpcf7_container_post\" value=\"0\" \/>\n<input type=\"hidden\" name=\"_wpcf7_posted_data_hash\" value=\"\" \/>\n<\/div>\n<div class=\"wp-row-ctf7 contact-form-custom1\">\n\t<div class=\"row input-contact\">\n\t\t<div class=\"col-lg-6\">\n\t\t\t<div class=\"input-filled\">\n\t\t\t\t<p><label>\u0412\u0410\u0428\u0415 \u0418\u041c\u042f<\/label><br \/>\n<span class=\"wpcf7-form-control-wrap\" data-name=\"your-name\"><input size=\"40\" maxlength=\"400\" class=\"wpcf7-form-control wpcf7-text wpcf7-validates-as-required\" aria-required=\"true\" aria-invalid=\"false\" placeholder=\"\u0412\u0432\u0435\u0434\u0438\u0442\u0435 \u0432\u0430\u0448\u0435 \u0438\u043c\u044f\" value=\"\" type=\"text\" name=\"your-name\" \/><\/span>\n\t\t\t\t<\/p>\n\t\t\t<\/div>\n\t\t<\/div>\n\t\t<div class=\"col-lg-6\">\n\t\t\t<div class=\"input-filled\">\n\t\t\t\t<p><label>\u0412\u0410\u0428 E-MAIL<\/label><br \/>\n<span class=\"wpcf7-form-control-wrap\" data-name=\"your-email\"><input size=\"40\" maxlength=\"400\" class=\"wpcf7-form-control wpcf7-email wpcf7-validates-as-required wpcf7-text wpcf7-validates-as-email\" aria-required=\"true\" aria-invalid=\"false\" placeholder=\"\u0412\u0432\u0435\u0434\u0438\u0442\u0435 \u0432\u0430\u0448 e-mail\" value=\"\" type=\"email\" name=\"your-email\" \/><\/span>\n\t\t\t\t<\/p>\n\t\t\t<\/div>\n\t\t<\/div>\n\t<\/div>\n\t<div class=\"row input-contact\">\n\t\t<div class=\"col-lg-6\">\n\t\t\t<div class=\"input-filled\">\n\t\t\t\t<p><label>\u0412\u042b\u0411\u0415\u0420\u0418\u0422\u0415 \u0414\u0410\u0422\u0423<\/label><br \/>\n<span class=\"wpcf7-form-control-wrap\" data-name=\"select-date\"><input size=\"40\" maxlength=\"400\" class=\"wpcf7-form-control wpcf7-text wpcf7-validates-as-required walcf7-datepicker\" aria-required=\"true\" aria-invalid=\"false\" placeholder=\"\u0412\u044b\u0431\u0435\u0440\u0438\u0442\u0435 \u0434\u0430\u0442\u0443\" value=\"\" type=\"text\" name=\"select-date\" \/><\/span>\n\t\t\t\t<\/p>\n\t\t\t<\/div>\n\t\t<\/div>\n\t\t<div class=\"col-lg-6\">\n\t\t\t<div class=\"input-filled\">\n\t\t\t\t<p><label>\u0412\u042b\u0411\u0415\u0420\u0418\u0422\u0415 \u0412\u0420\u0415\u041c\u042f<\/label><br \/>\n<span class=\"wpcf7-form-control-wrap\" data-name=\"select-time\"><input size=\"40\" maxlength=\"400\" class=\"wpcf7-form-control wpcf7-text wpcf7-validates-as-required walcf7-timepicker\" aria-required=\"true\" aria-invalid=\"false\" placeholder=\"\u0412\u044b\u0431\u0435\u0440\u0438\u0442\u0435 \u0432\u0440\u0435\u043c\u044f\" value=\"\" type=\"text\" name=\"select-time\" \/><\/span>\n\t\t\t\t<\/p>\n\t\t\t<\/div>\n\t\t<\/div>\n\t<\/div>\n\t<div class=\"row input-contact\">\n\t\t<div class=\"col-12\">\n\t\t\t<div class=\"input-filled large\">\n\t\t\t\t<p><label>\u0412\u0410\u0428\u0415 \u0421\u041e\u041e\u0411\u0429\u0415\u041d\u0418\u0415<\/label><br \/>\n<span class=\"wpcf7-form-control-wrap\" data-name=\"your-message\"><input size=\"40\" maxlength=\"400\" class=\"wpcf7-form-control wpcf7-text wpcf7-validates-as-required\" aria-required=\"true\" aria-invalid=\"false\" placeholder=\"\u041e\u043f\u0438\u0448\u0438\u0442\u0435 \u0432\u0430\u0448\u0443 \u043f\u0440\u043e\u0431\u043b\u0435\u043c\u0443\" value=\"\" type=\"text\" name=\"your-message\" \/><\/span>\n\t\t\t\t<\/p>\n\t\t\t<\/div>\n\t\t<\/div>\n\t<\/div>\n\t<div class=\"row input-recaptcha\">\n\t\t<div class=\"col-12\">\n\t\t\t<p>[recaptcha theme:dark]\n\t\t\t<\/p>\n\t\t<\/div>\n\t<\/div>\n\t<div class=\"row buttom-contact7\">\n\t\t<div class=\"col-12\">\n\t\t\t<div class=\"btn-form\">\n\t\t\t\t<p><button type=\"submit\" class=\"btn btn-style2\"><span>\u041e\u0422\u041f\u0420\u0410\u0412\u0418\u0422\u042c \u0421\u041e\u041e\u0411\u0429\u0415\u041d\u0418\u0415<\/span><\/button>\n\t\t\t\t<\/p>\n\t\t\t<\/div>\n\t\t<\/div>\n\t<\/div>\n<\/div><div class=\"wpcf7-response-output\" aria-hidden=\"true\"><\/div>\n<\/form>\n<\/div>\n        <\/div>\r\n    <\/div>\r\n\t\t\t\t<\/div>\n\t\t\t\t<\/div>\n\t\t            <\/div>\n        <\/div>\n                    <\/div>\n        <\/section>\n        \t\t<\/div>\n\t\t","protected":false},"excerpt":{"rendered":"<p>\u0410\u0434\u0440\u0435\u0441 \u0423\u043b\u0438\u0446\u0430 \u041f\u0438\u0435\u0434\u0440\u0443\u044f\u0441 28, \u041b\u0430\u0442\u0433\u0430\u043b\u044c\u0441\u043a\u0438\u0439 \u043f\u0440\u0438\u0433\u043e\u0440\u043e\u0434, \u0420\u0438\u0433\u0430, LV-1063 \u0420\u0430\u0431\u043e\u0447\u0435\u0435 \u0432\u0440\u0435\u043c\u044f \u041f\u043d. &#8211; \u041f\u0442. 9:00 &#8211; 17:00 \u0412\u044b\u0445\u043e\u0434\u043d\u044b\u0435 \u0417\u0430\u043a\u0440\u044b\u0442\u043e \u041a\u043e\u043d\u0442\u0430\u043a\u0442\u044b +371 22303311 info@jvkpro.com \u0417\u0430\u043f\u043e\u043b\u043d\u0438\u0442\u0435 \u0444\u043e\u0440\u043c\u0443 \u0438 \u043c\u044b \u0441\u0432\u044f\u0436\u0435\u043c\u0441\u044f \u0441 \u0432\u0430\u043c\u0438. \u041f\u0440\u0435\u0434\u0441\u0442\u0430\u0432\u0438\u0442\u0435\u043b\u044c \u043a\u043e\u043c\u043f\u0430\u043d\u0438\u0438 \u043f\u043e\u0437\u0432\u043e\u043d\u0438\u0442 \u0432\u0430\u043c \u0438 \u043f\u0440\u0435\u0434\u043e\u0441\u0442\u0430\u0432\u0438\u0442 \u0432\u0441\u044e \u043d\u0435\u043e\u0431\u0445\u043e\u0434\u0438\u043c\u0443\u044e \u0438\u043d\u0444\u043e\u0440\u043c\u0430\u0446\u0438\u044e. YOUR NAME YOUR EMAIL SELECT DATE SELECT TIME YOUR MESSAGE [recaptcha theme:dark] SEND MESSAGE<\/p>\n","protected":false},"author":1,"featured_media":0,"parent":0,"menu_order":0,"comment_status":"closed","ping_status":"closed","template":"","meta":{"footnotes":""},"class_list":["post-20424","page","type-page","status-publish","hentry"],"_links":{"self":[{"href":"https:\/\/v2.jvkpro.lv\/ru\/wp-json\/wp\/v2\/pages\/20424","targetHints":{"allow":["GET"]}}],"collection":[{"href":"https:\/\/v2.jvkpro.lv\/ru\/wp-json\/wp\/v2\/pages"}],"about":[{"href":"https:\/\/v2.jvkpro.lv\/ru\/wp-json\/wp\/v2\/types\/page"}],"author":[{"embeddable":true,"href":"https:\/\/v2.jvkpro.lv\/ru\/wp-json\/wp\/v2\/users\/1"}],"replies":[{"embeddable":true,"href":"https:\/\/v2.jvkpro.lv\/ru\/wp-json\/wp\/v2\/comments?post=20424"}],"version-history":[{"count":4,"href":"https:\/\/v2.jvkpro.lv\/ru\/wp-json\/wp\/v2\/pages\/20424\/revisions"}],"predecessor-version":[{"id":20691,"href":"https:\/\/v2.jvkpro.lv\/ru\/wp-json\/wp\/v2\/pages\/20424\/revisions\/20691"}],"wp:attachment":[{"href":"https:\/\/v2.jvkpro.lv\/ru\/wp-json\/wp\/v2\/media?parent=20424"}],"curies":[{"name":"wp","href":"https:\/\/api.w.org\/{rel}","templated":true}]}}