{"id":20447,"date":"2025-04-09T14:25:09","date_gmt":"2025-04-09T14:25:09","guid":{"rendered":"https:\/\/v2.jvkpro.lv\/%d1%84%d0%b0%d0%b9%d0%bb%d0%be%d0%b2%d1%8b%d0%b9-%d1%81%d0%b5%d1%80%d0%b2%d0%b8%d1%81\/"},"modified":"2025-12-02T15:49:12","modified_gmt":"2025-12-02T15:49:12","slug":"fajl-servis","status":"publish","type":"page","link":"https:\/\/v2.jvkpro.lv\/ru\/fajl-servis\/","title":{"rendered":"\u0424\u0430\u0439\u043b \u0441\u0435\u0440\u0432\u0438\u0441"},"content":{"rendered":"\t\t<div data-elementor-type=\"wp-page\" data-elementor-id=\"20447\" class=\"elementor elementor-20447 elementor-19380\">\n\t\t\t\t        <section class=\"elementor-section elementor-top-section elementor-element elementor-element-57275203 elementor-section-boxed elementor-section-height-default elementor-section-height-default ct-header-fixed-none ct-column-none ct-row-scroll-none ct-section-smoke-none ct-section-particle-none\" data-id=\"57275203\" data-element_type=\"section\">\n            \n                        <div class=\"elementor-container elementor-column-gap-default \">\n                    <div class=\"elementor-column elementor-col-100 elementor-top-column elementor-element elementor-element-4c7087b7 ct-column-none\" data-id=\"4c7087b7\" data-element_type=\"column\">\n        <div class=\"elementor-widget-wrap elementor-element-populated\">\n                    \n        \t\t<div class=\"elementor-element elementor-element-31ba0dfb elementor-widget elementor-widget-ct_heading\" data-id=\"31ba0dfb\" data-element_type=\"widget\" data-widget_type=\"ct_heading.default\">\n\t\t\t\t<div class=\"elementor-widget-container\">\n\t\t\t\t\t<div class=\"ct-heading h-align-\">\r\n    \t    <h2 class=\"item--title case-animate-time st-default \" data-wow-delay=\"ms\">\r\n        <span>\u0424\u0430\u0439\u043b\u0441\u0435\u0440\u0432\u0438\u0441<\/span>    <\/h2>\r\n<\/div>\t\t\t\t<\/div>\n\t\t\t\t<\/div>\n\t\t\t\t<div class=\"elementor-element elementor-element-4e55d54 elementor-widget elementor-widget-ct_text_editor\" data-id=\"4e55d54\" data-element_type=\"widget\" data-widget_type=\"ct_text_editor.default\">\n\t\t\t\t<div class=\"elementor-widget-container\">\n\t\t\t\t\t<div id=\"ct_text_editor-4e55d54\" class=\"ct-text-editor \" data-wow-delay=\"ms\">\n\t<div class=\"ct-inline-css\"  data-css=\"\n        \t\t\">\n\n    <\/div>\n\t<div class=\"ct-text-inner elementor-clearfix\">\n\t\t<p data-start=\"185\" data-end=\"468\">Fileservice \u043e\u0442 JVK Pro \u2014 \u044d\u0442\u043e \u0431\u043e\u043b\u044c\u0448\u0435, \u0447\u0435\u043c \u043f\u0440\u043e\u0441\u0442\u043e \u0443\u0434\u0430\u043b\u0451\u043d\u043d\u043e\u0435 \u043f\u0440\u043e\u0433\u0440\u0430\u043c\u043c\u0438\u0440\u043e\u0432\u0430\u043d\u0438\u0435 \u0430\u0432\u0442\u043e\u043c\u043e\u0431\u0438\u043b\u044f. \u042d\u0442\u043e \u0446\u0435\u043b\u0430\u044f \u044d\u043a\u043e\u0441\u0438\u0441\u0442\u0435\u043c\u0430, \u0433\u0434\u0435 \u0432\u044b \u043d\u0435 \u043e\u0441\u0442\u0430\u0435\u0442\u0435\u0441\u044c \u043d\u0430\u0435\u0434\u0438\u043d\u0435 \u0441 \u0444\u0430\u0439\u043b\u0430\u043c\u0438 \u0438 \u0432\u043e\u043f\u0440\u043e\u0441\u0430\u043c\u0438. \u041c\u044b \u043d\u0435 \u0442\u043e\u043b\u044c\u043a\u043e \u0441\u0430\u043c\u0438 \u0434\u0435\u043b\u0430\u0435\u043c \u043f\u0440\u043e\u0448\u0438\u0432\u043a\u0438 , \u043d\u043e \u0438 \u0441\u043e\u043f\u0440\u043e\u0432\u043e\u0436\u0434\u0430\u0435\u043c \u0442\u0435\u0445, \u043a\u0442\u043e \u0442\u043e\u043b\u044c\u043a\u043e \u043d\u0430\u0447\u0438\u043d\u0430\u0435\u0442 \u0440\u0430\u0431\u043e\u0442\u0430\u0442\u044c \u0432 \u044d\u0442\u043e\u043c \u043d\u0430\u043f\u0440\u0430\u0432\u043b\u0435\u043d\u0438\u0438.<\/p><p data-start=\"185\" data-end=\"468\">\u041f\u0435\u0440\u0435\u0434\u0430\u0442\u044c \u043d\u0430\u043c \u0444\u0430\u0439\u043b \u2014 \u043f\u0440\u043e\u0449\u0435 \u043f\u0440\u043e\u0441\u0442\u043e\u0433\u043e. \u041c\u044b \u043d\u0435 \u0442\u0440\u0435\u0431\u0443\u0435\u043c \u0437\u0430\u043f\u043e\u043b\u043d\u0435\u043d\u0438\u044f \u0443\u0436\u0430\u0441\u043d\u044b\u0445 \u0444\u043e\u0440\u043c \u0438\u0437 \u0430\u0434\u0430. \u0411\u0443\u043a\u0432\u0430\u043b\u044c\u043d\u043e 20\u201330 \u0441\u0435\u043a\u0443\u043d\u0434, \u0438 \u0432\u0430\u0448 \u0444\u0430\u0439\u043b \u0443\u0436\u0435 \u0432 \u0440\u0430\u0431\u043e\u0442\u0435. \u0411\u044b\u0441\u0442\u0440\u043e, \u0443\u0434\u043e\u0431\u043d\u043e, \u0431\u0435\u0437 \u0431\u044e\u0440\u043e\u043a\u0440\u0430\u0442\u0438\u0438.<\/p><p data-start=\"470\" data-end=\"735\">\u0425\u043e\u0447\u0435\u0448\u044c \u043f\u043e\u043f\u0440\u043e\u0431\u043e\u0432\u0430\u0442\u044c \u0441\u0430\u043c? \u041c\u044b \u0440\u0430\u0441\u0441\u043a\u0430\u0436\u0435\u043c, \u0447\u0442\u043e \u0437\u0430 \u0447\u0442\u043e \u043e\u0442\u0432\u0435\u0447\u0430\u0435\u0442, \u0433\u0434\u0435 \u0432\u0437\u044f\u0442\u044c \u043d\u0443\u0436\u043d\u043e\u0435 \u041f\u041e, \u043a\u0430\u043a\u0438\u0435 \u043a\u0430\u0431\u0435\u043b\u0438 \u0438\u0441\u043f\u043e\u043b\u044c\u0437\u043e\u0432\u0430\u0442\u044c \u0438 \u043a\u0430\u043a \u0438\u0437\u0431\u0435\u0436\u0430\u0442\u044c \u043e\u0448\u0438\u0431\u043e\u043a. \u0423 \u043d\u0430\u0441 \u0441\u043e\u0431\u0440\u0430\u043d\u0430 \u043f\u0440\u043e\u0432\u0435\u0440\u0435\u043d\u043d\u0430\u044f \u0431\u0430\u0437\u0430 \u0437\u043d\u0430\u043d\u0438\u0439, \u043a\u043e\u0442\u043e\u0440\u043e\u0439 \u043c\u044b \u0433\u043e\u0442\u043e\u0432\u044b \u0434\u0435\u043b\u0438\u0442\u044c\u0441\u044f. \u0414\u0430\u0436\u0435 \u0435\u0441\u043b\u0438 \u0432\u043e\u043f\u0440\u043e\u0441 \u00ab\u0433\u043b\u0443\u043f\u044b\u0439\u00bb \u2014 \u043d\u0435 \u043f\u0435\u0440\u0435\u0436\u0438\u0432\u0430\u0439. \u041c\u044b \u0432\u0441\u0435 \u043f\u0440\u043e\u0445\u043e\u0434\u0438\u043b\u0438 \u0447\u0435\u0440\u0435\u0437 \u044d\u0442\u043e.<\/p><p data-start=\"470\" data-end=\"735\"><span style=\"letter-spacing: 0px\">\u0415\u0441\u043b\u0438 \u043d\u0443\u0436\u043d\u0430 \u043f\u043e\u043c\u043e\u0449\u044c \u0441 \u043a\u043e\u043d\u043a\u0440\u0435\u0442\u043d\u043e\u0439 \u043c\u0430\u0448\u0438\u043d\u043e\u0439 \u2014 \u0435\u0441\u0442\u044c \u043e\u043f\u0446\u0438\u044f \u0447\u0442\u043e \u043c\u044b \u0431\u0443\u043a\u0432\u0430\u043b\u044c\u043d\u043e \u0437\u0430 \u0440\u0443\u043a\u0443 \u0434\u043e\u0432\u0435\u0434\u0451\u043c \u0442\u0435\u0431\u044f \u0434\u043e \u0440\u0435\u0437\u0443\u043b\u044c\u0442\u0430\u0442\u0430. \u0412\u043a\u043b\u044e\u0447\u0438\u043c\u0441\u044f \u0432 \u043f\u0440\u043e\u0446\u0435\u0441\u0441, \u043f\u043e\u0434\u0441\u043a\u0430\u0436\u0435\u043c, \u0447\u0442\u043e \u0433\u0434\u0435 \u0441\u0442\u043e\u0438\u0442, \u043a\u0430\u043a \u0447\u0438\u0442\u0430\u0442\u044c \u0418 \u0442\u0430\u043a \u0434\u0430\u043b\u0435\u0435.\u00a0 \u0412\u0441\u0451 \u0434\u0438\u0441\u0442\u0430\u043d\u0446\u0438\u043e\u043d\u043d\u043e \u2014 \u043d\u043e \u0431\u0443\u0434\u0442\u043e \u0442\u044b \u0440\u044f\u0434\u043e\u043c \u0432 \u043e\u0434\u043d\u043e\u043c \u043f\u043e\u043c\u0435\u0449\u0435\u043d\u0438\u0438 \u0441 \u043d\u0430\u043c\u0438.<\/span><\/p><p data-start=\"1168\" data-end=\"1240\">\u0423 \u043d\u0430\u0441 \u043d\u0435\u0442 \u0446\u0435\u043b\u0438 \u043f\u0440\u043e\u0441\u0442\u043e \u00ab\u043f\u0440\u043e\u0434\u0430\u0442\u044c \u0444\u0430\u0439\u043b\u00bb. \u041c\u044b \u0445\u043e\u0442\u0438\u043c, \u0447\u0442\u043e\u0431\u044b \u0443 \u0442\u0435\u0431\u044f \u043f\u043e\u043b\u0443\u0447\u0438\u043b\u043e\u0441\u044c.\u0422\u0430\u043a\u0436\u0435 \u0432\u044b \u043c\u043e\u0436\u0435\u0442\u0435 \u043f\u0440\u0438\u043e\u0431\u0440\u0435\u0441\u0442\u0438\u00a0 \u0441\u0430\u043c\u044b\u0435 \u0442\u043e\u043f\u043e\u0432\u044b\u0435 \u043f\u0440\u0438\u0431\u043e\u0440\u044b \u0434\u043b\u044f \u043f\u0440\u043e\u0433\u0440\u0430\u043c\u043c\u0438\u0440\u043e\u0432\u0430\u043d\u0438\u044f \u0430\u0432\u0442\u043e \u043e\u0442 \u0442\u0430\u043a\u0438\u0445 \u0432\u0435\u0434\u0443\u0449\u0438\u0445 \u043a\u043e\u043c\u043f\u0430\u043d\u0438\u0439 \u043a\u0430\u043a AlienTech, Magicmotosport, Autotuner.<\/p>\t<\/div>\n<\/div>\t\t\t\t<\/div>\n\t\t\t\t<\/div>\n\t\t\t\t<div class=\"elementor-element elementor-element-e6e9563 elementor-widget elementor-widget-ct_text_editor\" data-id=\"e6e9563\" data-element_type=\"widget\" data-widget_type=\"ct_text_editor.default\">\n\t\t\t\t<div class=\"elementor-widget-container\">\n\t\t\t\t\t<div id=\"ct_text_editor-e6e9563\" class=\"ct-text-editor \" data-wow-delay=\"ms\">\n\t<div class=\"ct-inline-css\"  data-css=\"\n        \t\t\">\n\n    <\/div>\n\t<div class=\"ct-text-inner elementor-clearfix\">\n\t\t\t<\/div>\n<\/div>\t\t\t\t<\/div>\n\t\t\t\t<\/div>\n\t\t            <\/div>\n        <\/div>\n                    <\/div>\n        <\/section>\n                <section class=\"elementor-section elementor-top-section elementor-element elementor-element-5eb134df elementor-section-boxed elementor-section-height-default elementor-section-height-default ct-header-fixed-none ct-column-none ct-row-scroll-none ct-section-smoke-none ct-section-particle-none\" data-id=\"5eb134df\" data-element_type=\"section\">\n            \n                        <div class=\"elementor-container elementor-column-gap-default \">\n                    <div class=\"elementor-column elementor-col-100 elementor-top-column elementor-element elementor-element-74cec840 ct-column-none\" data-id=\"74cec840\" data-element_type=\"column\">\n        <div class=\"elementor-widget-wrap elementor-element-populated\">\n                    \n        \t\t<div class=\"elementor-element elementor-element-34a95af5 elementor-widget elementor-widget-ct_contact_form\" data-id=\"34a95af5\" data-element_type=\"widget\" data-widget_type=\"ct_contact_form.default\">\n\t\t\t\t<div class=\"elementor-widget-container\">\n\t\t\t\t\t    <div class=\"ct-contact-form ct-contact-form-layout1 wow skewInUp\">\r\n    \t\t    \t<div class=\"ct-contact-titles\">\r\n                                                    <h2 class=\"text-title case-animate-time \" data-wow-delay=\"ms\">\r\n                    <span class=\"slide-in-container\"><span class=\"d-inline-block wow case-fade-in-up\">Aizpildiet<\/span><\/span> <span class=\"slide-in-container\"><span class=\"d-inline-block wow case-fade-in-up\">veidlapu,<\/span><\/span> <span class=\"slide-in-container\"><span class=\"d-inline-block wow case-fade-in-up\">un<\/span><\/span> <span class=\"slide-in-container\"><span class=\"d-inline-block wow case-fade-in-up\">m\u0113s<\/span><\/span> <span class=\"slide-in-container\"><span class=\"d-inline-block wow case-fade-in-up\">ar<\/span><\/span> <span class=\"slide-in-container\"><span class=\"d-inline-block wow case-fade-in-up\">jums<\/span><\/span> <span class=\"slide-in-container\"><span class=\"d-inline-block wow case-fade-in-up\">sazin\u0101simies<\/span><\/span>                    <\/h2>\r\n                                                    <p class=\"text-description\">P\u0101rst\u0101vis jums piezvan\u012bs un sniegs jums nepiecie\u0161amo inform\u0101ciju.<\/p>\r\n                \t    \t<\/div>\r\n\t            <div class=\"ct-contact-form\">\r\n            \n<div class=\"wpcf7 no-js\" id=\"wpcf7-f20504-o1\" lang=\"ru-RU\" dir=\"ltr\" data-wpcf7-id=\"20504\">\n<div class=\"screen-reader-response\"><p role=\"status\" aria-live=\"polite\" aria-atomic=\"true\"><\/p> <ul><\/ul><\/div>\n<form action=\"\/ru\/wp-json\/wp\/v2\/pages\/20447#wpcf7-f20504-o1\" method=\"post\" class=\"wpcf7-form init\" aria-label=\"\u041a\u043e\u043d\u0442\u0430\u043a\u0442\u043d\u0430\u044f \u0444\u043e\u0440\u043c\u0430\" novalidate=\"novalidate\" data-status=\"init\">\n<div style=\"display: none;\">\n<input type=\"hidden\" name=\"_wpcf7\" value=\"20504\" \/>\n<input type=\"hidden\" name=\"_wpcf7_version\" value=\"6.0.6\" \/>\n<input type=\"hidden\" name=\"_wpcf7_locale\" value=\"ru_RU\" \/>\n<input type=\"hidden\" name=\"_wpcf7_unit_tag\" value=\"wpcf7-f20504-o1\" \/>\n<input type=\"hidden\" name=\"_wpcf7_container_post\" value=\"0\" \/>\n<input type=\"hidden\" name=\"_wpcf7_posted_data_hash\" value=\"\" \/>\n<\/div>\n<div class=\"wp-row-ctf7 contact-form-custom1\">\n\t<div class=\"row input-contact\">\n\t\t<div class=\"col-lg-6\">\n\t\t\t<div class=\"input-filled\">\n\t\t\t\t<p><label>\u0412\u0410\u0428\u0415 \u0418\u041c\u042f<\/label><br \/>\n<span class=\"wpcf7-form-control-wrap\" data-name=\"your-name\"><input size=\"40\" maxlength=\"400\" class=\"wpcf7-form-control wpcf7-text wpcf7-validates-as-required\" aria-required=\"true\" aria-invalid=\"false\" placeholder=\"\u0412\u0432\u0435\u0434\u0438\u0442\u0435 \u0432\u0430\u0448\u0435 \u0438\u043c\u044f\" value=\"\" type=\"text\" name=\"your-name\" \/><\/span>\n\t\t\t\t<\/p>\n\t\t\t<\/div>\n\t\t<\/div>\n\t\t<div class=\"col-lg-6\">\n\t\t\t<div class=\"input-filled\">\n\t\t\t\t<p><label>\u0412\u0410\u0428 E-MAIL<\/label><br \/>\n<span class=\"wpcf7-form-control-wrap\" data-name=\"your-email\"><input size=\"40\" maxlength=\"400\" class=\"wpcf7-form-control wpcf7-email wpcf7-validates-as-required wpcf7-text wpcf7-validates-as-email\" aria-required=\"true\" aria-invalid=\"false\" placeholder=\"\u0412\u0432\u0435\u0434\u0438\u0442\u0435 \u0432\u0430\u0448 e-mail\" value=\"\" type=\"email\" name=\"your-email\" \/><\/span>\n\t\t\t\t<\/p>\n\t\t\t<\/div>\n\t\t<\/div>\n\t<\/div>\n\t<div class=\"row input-contact\">\n\t\t<div class=\"col-lg-6\">\n\t\t\t<div class=\"input-filled\">\n\t\t\t\t<p><label>\u0412\u042b\u0411\u0415\u0420\u0418\u0422\u0415 \u0414\u0410\u0422\u0423<\/label><br \/>\n<span class=\"wpcf7-form-control-wrap\" data-name=\"select-date\"><input size=\"40\" maxlength=\"400\" class=\"wpcf7-form-control wpcf7-text wpcf7-validates-as-required walcf7-datepicker\" aria-required=\"true\" aria-invalid=\"false\" placeholder=\"\u0412\u044b\u0431\u0435\u0440\u0438\u0442\u0435 \u0434\u0430\u0442\u0443\" value=\"\" type=\"text\" name=\"select-date\" \/><\/span>\n\t\t\t\t<\/p>\n\t\t\t<\/div>\n\t\t<\/div>\n\t\t<div class=\"col-lg-6\">\n\t\t\t<div class=\"input-filled\">\n\t\t\t\t<p><label>\u0412\u042b\u0411\u0415\u0420\u0418\u0422\u0415 \u0412\u0420\u0415\u041c\u042f<\/label><br \/>\n<span class=\"wpcf7-form-control-wrap\" data-name=\"select-time\"><input size=\"40\" maxlength=\"400\" class=\"wpcf7-form-control wpcf7-text wpcf7-validates-as-required walcf7-timepicker\" aria-required=\"true\" aria-invalid=\"false\" placeholder=\"\u0412\u044b\u0431\u0435\u0440\u0438\u0442\u0435 \u0432\u0440\u0435\u043c\u044f\" value=\"\" type=\"text\" name=\"select-time\" \/><\/span>\n\t\t\t\t<\/p>\n\t\t\t<\/div>\n\t\t<\/div>\n\t<\/div>\n\t<div class=\"row input-contact\">\n\t\t<div class=\"col-12\">\n\t\t\t<div class=\"input-filled large\">\n\t\t\t\t<p><label>\u0412\u0410\u0428\u0415 \u0421\u041e\u041e\u0411\u0429\u0415\u041d\u0418\u0415<\/label><br \/>\n<span class=\"wpcf7-form-control-wrap\" data-name=\"your-message\"><input size=\"40\" maxlength=\"400\" class=\"wpcf7-form-control wpcf7-text wpcf7-validates-as-required\" aria-required=\"true\" aria-invalid=\"false\" placeholder=\"\u041e\u043f\u0438\u0448\u0438\u0442\u0435 \u0432\u0430\u0448\u0443 \u043f\u0440\u043e\u0431\u043b\u0435\u043c\u0443\" value=\"\" type=\"text\" name=\"your-message\" \/><\/span>\n\t\t\t\t<\/p>\n\t\t\t<\/div>\n\t\t<\/div>\n\t<\/div>\n\t<div class=\"row input-recaptcha\">\n\t\t<div class=\"col-12\">\n\t\t\t<p>[recaptcha theme:dark]\n\t\t\t<\/p>\n\t\t<\/div>\n\t<\/div>\n\t<div class=\"row buttom-contact7\">\n\t\t<div class=\"col-12\">\n\t\t\t<div class=\"btn-form\">\n\t\t\t\t<p><button type=\"submit\" class=\"btn btn-style2\"><span>\u041e\u0422\u041f\u0420\u0410\u0412\u0418\u0422\u042c \u0421\u041e\u041e\u0411\u0429\u0415\u041d\u0418\u0415<\/span><\/button>\n\t\t\t\t<\/p>\n\t\t\t<\/div>\n\t\t<\/div>\n\t<\/div>\n<\/div><div class=\"wpcf7-response-output\" aria-hidden=\"true\"><\/div>\n<\/form>\n<\/div>\n        <\/div>\r\n    <\/div>\r\n\t\t\t\t<\/div>\n\t\t\t\t<\/div>\n\t\t            <\/div>\n        <\/div>\n                    <\/div>\n        <\/section>\n        \t\t<\/div>\n\t\t","protected":false},"excerpt":{"rendered":"<p>\u0424\u0430\u0439\u043b\u0441\u0435\u0440\u0432\u0438\u0441 Fileservice \u043e\u0442 JVK Pro \u2014 \u044d\u0442\u043e \u0431\u043e\u043b\u044c\u0448\u0435, \u0447\u0435\u043c \u043f\u0440\u043e\u0441\u0442\u043e \u0443\u0434\u0430\u043b\u0451\u043d\u043d\u043e\u0435 \u043f\u0440\u043e\u0433\u0440\u0430\u043c\u043c\u0438\u0440\u043e\u0432\u0430\u043d\u0438\u0435 \u0430\u0432\u0442\u043e\u043c\u043e\u0431\u0438\u043b\u044f. \u042d\u0442\u043e \u0446\u0435\u043b\u0430\u044f \u044d\u043a\u043e\u0441\u0438\u0441\u0442\u0435\u043c\u0430, \u0433\u0434\u0435 \u0432\u044b \u043d\u0435 \u043e\u0441\u0442\u0430\u0435\u0442\u0435\u0441\u044c \u043d\u0430\u0435\u0434\u0438\u043d\u0435 \u0441 \u0444\u0430\u0439\u043b\u0430\u043c\u0438 \u0438 \u0432\u043e\u043f\u0440\u043e\u0441\u0430\u043c\u0438. \u041c\u044b \u043d\u0435 \u0442\u043e\u043b\u044c\u043a\u043e \u0441\u0430\u043c\u0438 \u0434\u0435\u043b\u0430\u0435\u043c \u043f\u0440\u043e\u0448\u0438\u0432\u043a\u0438 , \u043d\u043e \u0438 \u0441\u043e\u043f\u0440\u043e\u0432\u043e\u0436\u0434\u0430\u0435\u043c \u0442\u0435\u0445, \u043a\u0442\u043e \u0442\u043e\u043b\u044c\u043a\u043e \u043d\u0430\u0447\u0438\u043d\u0430\u0435\u0442 \u0440\u0430\u0431\u043e\u0442\u0430\u0442\u044c \u0432 \u044d\u0442\u043e\u043c \u043d\u0430\u043f\u0440\u0430\u0432\u043b\u0435\u043d\u0438\u0438. \u041f\u0435\u0440\u0435\u0434\u0430\u0442\u044c \u043d\u0430\u043c \u0444\u0430\u0439\u043b \u2014 \u043f\u0440\u043e\u0449\u0435 \u043f\u0440\u043e\u0441\u0442\u043e\u0433\u043e. \u041c\u044b \u043d\u0435 \u0442\u0440\u0435\u0431\u0443\u0435\u043c \u0437\u0430\u043f\u043e\u043b\u043d\u0435\u043d\u0438\u044f \u0443\u0436\u0430\u0441\u043d\u044b\u0445 \u0444\u043e\u0440\u043c [&hellip;]<\/p>\n","protected":false},"author":1,"featured_media":0,"parent":0,"menu_order":0,"comment_status":"closed","ping_status":"closed","template":"","meta":{"footnotes":""},"class_list":["post-20447","page","type-page","status-publish","hentry"],"_links":{"self":[{"href":"https:\/\/v2.jvkpro.lv\/ru\/wp-json\/wp\/v2\/pages\/20447","targetHints":{"allow":["GET"]}}],"collection":[{"href":"https:\/\/v2.jvkpro.lv\/ru\/wp-json\/wp\/v2\/pages"}],"about":[{"href":"https:\/\/v2.jvkpro.lv\/ru\/wp-json\/wp\/v2\/types\/page"}],"author":[{"embeddable":true,"href":"https:\/\/v2.jvkpro.lv\/ru\/wp-json\/wp\/v2\/users\/1"}],"replies":[{"embeddable":true,"href":"https:\/\/v2.jvkpro.lv\/ru\/wp-json\/wp\/v2\/comments?post=20447"}],"version-history":[{"count":5,"href":"https:\/\/v2.jvkpro.lv\/ru\/wp-json\/wp\/v2\/pages\/20447\/revisions"}],"predecessor-version":[{"id":20716,"href":"https:\/\/v2.jvkpro.lv\/ru\/wp-json\/wp\/v2\/pages\/20447\/revisions\/20716"}],"wp:attachment":[{"href":"https:\/\/v2.jvkpro.lv\/ru\/wp-json\/wp\/v2\/media?parent=20447"}],"curies":[{"name":"wp","href":"https:\/\/api.w.org\/{rel}","templated":true}]}}